{"id":451,"date":"2022-09-14T02:16:17","date_gmt":"2022-09-14T00:16:17","guid":{"rendered":"http:\/\/eddy-collector.de\/woocommerce\/?post_type=product&#038;p=451"},"modified":"2025-11-24T15:48:40","modified_gmt":"2025-11-24T14:48:40","slug":"skull-and-coin-set-silver","status":"publish","type":"product","link":"https:\/\/eddy-collector.de\/woocommerce\/produkt\/skull-and-coin-set-silver\/","title":{"rendered":"Wave 1 Cosmic Legions Skull &#038; Coin Set Silver (exclusive)"},"content":{"rendered":"<p>Dieses exklusiv \u00fcber Four Horsemen Approved Retailer vertriebene Zubeh\u00f6rset aus der ersten Wave der Serie Cosmic Legions von den preisgekr\u00f6nten Four Horsemen Studios enth\u00e4lt eine silberne Sammel-M\u00fcnze aus Metall, sowie einen silbernen Aliensch\u00e4del aus Kunststoff, der zu allen Standard-Figuren der Serien Mythic Legions und Cosmic Legions kompatibel ist, die einen so genannten 1.0 Kugelgelenk Nackenaufsatz haben.<\/p>\n<p>Auf den Produktfotos sind Prototypen abgebildet, daher sind Abweichungen in Farbe und Gestaltung m\u00f6glich.<\/p>\n","protected":false},"excerpt":{"rendered":"<p>Dieses exklusiv \u00fcber Four Horsemen Approved Retailer vertriebene Zubeh\u00f6rset aus der ersten Wave der Serie Cosmic Legions von den preisgekr\u00f6nten Four Horsemen Studios enth\u00e4lt eine silberne Sammel-M\u00fcnze aus Metall, sowie einen silbernen Aliensch\u00e4del aus Kunststoff, der zu allen Standard-Figuren der Serien Mythic Legions und Cosmic Legions kompatibel ist, die einen so genannten 1.0 Kugelgelenk Nackenaufsatz [&hellip;]<\/p>\n","protected":false},"featured_media":453,"template":"","meta":{"jetpack_publicize_message":"","jetpack_publicize_feature_enabled":true,"jetpack_social_post_already_shared":false,"jetpack_social_options":{"image_generator_settings":{"template":"highway","default_image_id":0,"font":"","enabled":false},"version":2}},"product_brand":[],"product_cat":[463,35,296],"product_tag":[133,159,73,67,156,69,72,157,68,153,158],"class_list":{"0":"post-451","1":"product","2":"type-product","3":"status-publish","4":"has-post-thumbnail","6":"product_cat-add-ons","7":"product_cat-cosmic-legions","8":"product_cat-exclusives","9":"product_tag-book-one","10":"product_tag-coin","11":"product_tag-cosmerrium","12":"product_tag-cosmic","13":"product_tag-exclusive","14":"product_tag-four-horsemen","15":"product_tag-hvalkatar","16":"product_tag-keycard","17":"product_tag-legions","18":"product_tag-set","19":"product_tag-skull","21":"first","22":"instock","23":"sale","24":"sold-individually","25":"shipping-taxable","26":"purchasable","27":"product-type-simple"},"jetpack_publicize_connections":[],"jetpack-related-posts":[],"jetpack_sharing_enabled":true,"_links":{"self":[{"href":"https:\/\/eddy-collector.de\/woocommerce\/wp-json\/wp\/v2\/product\/451","targetHints":{"allow":["GET"]}}],"collection":[{"href":"https:\/\/eddy-collector.de\/woocommerce\/wp-json\/wp\/v2\/product"}],"about":[{"href":"https:\/\/eddy-collector.de\/woocommerce\/wp-json\/wp\/v2\/types\/product"}],"wp:featuredmedia":[{"embeddable":true,"href":"https:\/\/eddy-collector.de\/woocommerce\/wp-json\/wp\/v2\/media\/453"}],"wp:attachment":[{"href":"https:\/\/eddy-collector.de\/woocommerce\/wp-json\/wp\/v2\/media?parent=451"}],"wp:term":[{"taxonomy":"product_brand","embeddable":true,"href":"https:\/\/eddy-collector.de\/woocommerce\/wp-json\/wp\/v2\/product_brand?post=451"},{"taxonomy":"product_cat","embeddable":true,"href":"https:\/\/eddy-collector.de\/woocommerce\/wp-json\/wp\/v2\/product_cat?post=451"},{"taxonomy":"product_tag","embeddable":true,"href":"https:\/\/eddy-collector.de\/woocommerce\/wp-json\/wp\/v2\/product_tag?post=451"}],"curies":[{"name":"wp","href":"https:\/\/api.w.org\/{rel}","templated":true}]}}