{"id":418,"date":"2022-09-14T01:07:11","date_gmt":"2022-09-13T23:07:11","guid":{"rendered":"http:\/\/eddy-collector.de\/woocommerce\/?post_type=product&#038;p=418"},"modified":"2025-11-24T06:36:34","modified_gmt":"2025-11-24T05:36:34","slug":"vorgga","status":"publish","type":"product","link":"https:\/\/eddy-collector.de\/woocommerce\/produkt\/vorgga\/","title":{"rendered":"Wave 1 Cosmic Legions Action-Figur Vorgga"},"content":{"rendered":"<p>Circa 18 cm (7 Zoll) hohe Actionfigur Vorgga aus der ersten Wave der Serie Cosmic Legions von den preisgekr\u00f6nten Four Horsemen Studios. Enthaltenes Zubeh\u00f6r: eine gro\u00dfe, schwere, beidh\u00e4ndig zu bedienende Mini-Kanone mit \u00fcber einen Munitionsgurt verbundenem Munitionsrucksack, sowie zwei K\u00f6pfe (einer mit Atemmaske und ein unmaskierter).<\/p>\n<p>Auf den Produktfotos sind Prototypen abgebildet, daher sind Abweichungen in Farbe und Gestaltung m\u00f6glich.<\/p>\n","protected":false},"excerpt":{"rendered":"<p>Circa 18 cm (7 Zoll) hohe Actionfigur Vorgga aus der ersten Wave der Serie Cosmic Legions von den preisgekr\u00f6nten Four Horsemen Studios. Enthaltenes Zubeh\u00f6r: eine gro\u00dfe, schwere, beidh\u00e4ndig zu bedienende Mini-Kanone mit \u00fcber einen Munitionsgurt verbundenem Munitionsrucksack, sowie zwei K\u00f6pfe (einer mit Atemmaske und ein unmaskierter). Auf den Produktfotos sind Prototypen abgebildet, daher sind Abweichungen [&hellip;]<\/p>\n","protected":false},"featured_media":423,"template":"","meta":{"jetpack_publicize_message":"","jetpack_publicize_feature_enabled":true,"jetpack_social_post_already_shared":false,"jetpack_social_options":{"image_generator_settings":{"template":"highway","default_image_id":0,"font":"","enabled":false},"version":2}},"product_brand":[],"product_cat":[35],"product_tag":[133,73,67,69,139,72,68,145],"class_list":{"0":"post-418","1":"product","2":"type-product","3":"status-publish","4":"has-post-thumbnail","6":"product_cat-cosmic-legions","7":"product_tag-book-one","8":"product_tag-cosmerrium","9":"product_tag-cosmic","10":"product_tag-four-horsemen","11":"product_tag-gravering","12":"product_tag-hvalkatar","13":"product_tag-legions","14":"product_tag-vorgga","16":"first","17":"instock","18":"sale","19":"shipping-taxable","20":"purchasable","21":"product-type-simple"},"jetpack_publicize_connections":[],"jetpack-related-posts":[],"jetpack_sharing_enabled":true,"_links":{"self":[{"href":"https:\/\/eddy-collector.de\/woocommerce\/wp-json\/wp\/v2\/product\/418","targetHints":{"allow":["GET"]}}],"collection":[{"href":"https:\/\/eddy-collector.de\/woocommerce\/wp-json\/wp\/v2\/product"}],"about":[{"href":"https:\/\/eddy-collector.de\/woocommerce\/wp-json\/wp\/v2\/types\/product"}],"wp:featuredmedia":[{"embeddable":true,"href":"https:\/\/eddy-collector.de\/woocommerce\/wp-json\/wp\/v2\/media\/423"}],"wp:attachment":[{"href":"https:\/\/eddy-collector.de\/woocommerce\/wp-json\/wp\/v2\/media?parent=418"}],"wp:term":[{"taxonomy":"product_brand","embeddable":true,"href":"https:\/\/eddy-collector.de\/woocommerce\/wp-json\/wp\/v2\/product_brand?post=418"},{"taxonomy":"product_cat","embeddable":true,"href":"https:\/\/eddy-collector.de\/woocommerce\/wp-json\/wp\/v2\/product_cat?post=418"},{"taxonomy":"product_tag","embeddable":true,"href":"https:\/\/eddy-collector.de\/woocommerce\/wp-json\/wp\/v2\/product_tag?post=418"}],"curies":[{"name":"wp","href":"https:\/\/api.w.org\/{rel}","templated":true}]}}