{"id":2618,"date":"2025-12-31T21:13:06","date_gmt":"2025-12-31T20:13:06","guid":{"rendered":"https:\/\/eddy-collector.de\/woocommerce\/?post_type=product&#038;p=2618"},"modified":"2026-03-12T08:36:03","modified_gmt":"2026-03-12T07:36:03","slug":"ml-sir-enoch","status":"publish","type":"product","link":"https:\/\/eddy-collector.de\/woocommerce\/produkt\/ml-sir-enoch\/","title":{"rendered":"4H Mythic Legions All Stars 6 Wave Actionfigur Sir Enoch"},"content":{"rendered":"<p>Circa 18 cm (7 Zoll) hohe Actionfigur \u201eSir Enoch\u201c aus der Serie Mythic Legions von den preisgekr\u00f6nten Four Horsemen Studios mit charakterspezifischem Zubeh\u00f6r.<\/p>\n<p>Auf den Produktfotos ist ein finales Produkt abgebildet. Farbliche Abweichungen k\u00f6nnen bei der Fotografie entstehen, daher wirken die Farben der Figuren pers\u00f6nlich m\u00f6glicherweise etwas anders als in den Bildern zu sehen. Zum Verkauf stehen Exemplare in unge\u00f6ffneter Originalverpackung.<\/p>\n","protected":false},"excerpt":{"rendered":"<p>Circa 18 cm (7 Zoll) hohe Actionfigur \u201eSir Enoch\u201c aus der Serie Mythic Legions von den preisgekr\u00f6nten Four Horsemen Studios mit charakterspezifischem Zubeh\u00f6r. Auf den Produktfotos ist ein finales Produkt abgebildet. Farbliche Abweichungen k\u00f6nnen bei der Fotografie entstehen, daher wirken die Farben der Figuren pers\u00f6nlich m\u00f6glicherweise etwas anders als in den Bildern zu sehen. Zum [&hellip;]<\/p>\n","protected":false},"featured_media":2635,"template":"","meta":{"jetpack_publicize_message":"","jetpack_publicize_feature_enabled":true,"jetpack_social_post_already_shared":true,"jetpack_social_options":{"image_generator_settings":{"template":"highway","default_image_id":0,"font":"","enabled":false},"version":2}},"product_brand":[],"product_cat":[34],"product_tag":[551,69,68,86,74,75,544,552],"class_list":{"0":"post-2618","1":"product","2":"type-product","3":"status-publish","4":"has-post-thumbnail","6":"product_cat-mythic-legions","7":"product_tag-enoch","8":"product_tag-four-horsemen","9":"product_tag-legions","10":"product_tag-mystic","11":"product_tag-mythic","12":"product_tag-mythoss","13":"product_tag-sir","14":"product_tag-sir-enoch","16":"first","17":"outofstock","18":"shipping-taxable","19":"purchasable","20":"product-type-simple"},"jetpack_publicize_connections":[],"jetpack-related-posts":[],"jetpack_sharing_enabled":true,"_links":{"self":[{"href":"https:\/\/eddy-collector.de\/woocommerce\/wp-json\/wp\/v2\/product\/2618","targetHints":{"allow":["GET"]}}],"collection":[{"href":"https:\/\/eddy-collector.de\/woocommerce\/wp-json\/wp\/v2\/product"}],"about":[{"href":"https:\/\/eddy-collector.de\/woocommerce\/wp-json\/wp\/v2\/types\/product"}],"wp:featuredmedia":[{"embeddable":true,"href":"https:\/\/eddy-collector.de\/woocommerce\/wp-json\/wp\/v2\/media\/2635"}],"wp:attachment":[{"href":"https:\/\/eddy-collector.de\/woocommerce\/wp-json\/wp\/v2\/media?parent=2618"}],"wp:term":[{"taxonomy":"product_brand","embeddable":true,"href":"https:\/\/eddy-collector.de\/woocommerce\/wp-json\/wp\/v2\/product_brand?post=2618"},{"taxonomy":"product_cat","embeddable":true,"href":"https:\/\/eddy-collector.de\/woocommerce\/wp-json\/wp\/v2\/product_cat?post=2618"},{"taxonomy":"product_tag","embeddable":true,"href":"https:\/\/eddy-collector.de\/woocommerce\/wp-json\/wp\/v2\/product_tag?post=2618"}],"curies":[{"name":"wp","href":"https:\/\/api.w.org\/{rel}","templated":true}]}}