{"id":2592,"date":"2025-12-12T15:33:33","date_gmt":"2025-12-12T14:33:33","guid":{"rendered":"https:\/\/eddy-collector.de\/woocommerce\/?post_type=product&#038;p=2592"},"modified":"2026-04-03T15:16:42","modified_gmt":"2026-04-03T13:16:42","slug":"fo-father-christmas","status":"publish","type":"product","link":"https:\/\/eddy-collector.de\/woocommerce\/produkt\/fo-father-christmas\/","title":{"rendered":"4H Figura Obscura Action-Figur Father Christmas mit rotem Mantel (Exclusive)"},"content":{"rendered":"<p>Circa 18 cm (7 Zoll) hohe Actionfigur &#8222;Father Christmas&#8220; aus der Toyline &#8222;Figura Obscura&#8220; der Four Horsemen Studios in der Version mit rotem Mantel.<\/p>\n<p>Auf den Produktfotos ist ein finales Produkt abgebildet. Farbliche Abweichungen k\u00f6nnen bei der Fotografie entstehen, daher wirken die Farben der Figuren pers\u00f6nlich m\u00f6glicherweise etwas anders als in den Bildern zu sehen. Zum Verkauf steht ein Exemplare in unge\u00f6ffneter Originalverpackung.<\/p>\n","protected":false},"excerpt":{"rendered":"<p>Circa 18 cm (7 Zoll) hohe Actionfigur &#8222;Father Christmas&#8220; aus der Toyline &#8222;Figura Obscura&#8220; der Four Horsemen Studios in der Version mit rotem Mantel. Auf den Produktfotos ist ein finales Produkt abgebildet. Farbliche Abweichungen k\u00f6nnen bei der Fotografie entstehen, daher wirken die Farben der Figuren pers\u00f6nlich m\u00f6glicherweise etwas anders als in den Bildern zu sehen. [&hellip;]<\/p>\n","protected":false},"featured_media":2593,"template":"","meta":{"jetpack_publicize_message":"","jetpack_publicize_feature_enabled":true,"jetpack_social_post_already_shared":true,"jetpack_social_options":{"image_generator_settings":{"template":"highway","default_image_id":0,"font":"","enabled":false},"version":2}},"product_brand":[],"product_cat":[245,172],"product_tag":[532,156,531,252,249,69,68,86,74,75,250,533,534,535,253,536],"class_list":{"0":"post-2592","1":"product","2":"type-product","3":"status-publish","4":"has-post-thumbnail","6":"product_cat-figura-obscura","7":"product_cat-four-horsemen-studios","8":"product_tag-christmas","9":"product_tag-exclusive","10":"product_tag-father","11":"product_tag-father-christmas","12":"product_tag-figura","13":"product_tag-four-horsemen","14":"product_tag-legions","15":"product_tag-mystic","16":"product_tag-mythic","17":"product_tag-mythoss","18":"product_tag-obscura","19":"product_tag-santa","20":"product_tag-santa-claus","21":"product_tag-weihnachten","22":"product_tag-weihnachtsmann","23":"product_tag-xmas","25":"first","26":"instock","27":"shipping-taxable","28":"purchasable","29":"product-type-simple"},"jetpack_publicize_connections":[],"jetpack-related-posts":[],"jetpack_sharing_enabled":true,"_links":{"self":[{"href":"https:\/\/eddy-collector.de\/woocommerce\/wp-json\/wp\/v2\/product\/2592","targetHints":{"allow":["GET"]}}],"collection":[{"href":"https:\/\/eddy-collector.de\/woocommerce\/wp-json\/wp\/v2\/product"}],"about":[{"href":"https:\/\/eddy-collector.de\/woocommerce\/wp-json\/wp\/v2\/types\/product"}],"wp:featuredmedia":[{"embeddable":true,"href":"https:\/\/eddy-collector.de\/woocommerce\/wp-json\/wp\/v2\/media\/2593"}],"wp:attachment":[{"href":"https:\/\/eddy-collector.de\/woocommerce\/wp-json\/wp\/v2\/media?parent=2592"}],"wp:term":[{"taxonomy":"product_brand","embeddable":true,"href":"https:\/\/eddy-collector.de\/woocommerce\/wp-json\/wp\/v2\/product_brand?post=2592"},{"taxonomy":"product_cat","embeddable":true,"href":"https:\/\/eddy-collector.de\/woocommerce\/wp-json\/wp\/v2\/product_cat?post=2592"},{"taxonomy":"product_tag","embeddable":true,"href":"https:\/\/eddy-collector.de\/woocommerce\/wp-json\/wp\/v2\/product_tag?post=2592"}],"curies":[{"name":"wp","href":"https:\/\/api.w.org\/{rel}","templated":true}]}}