{"id":2560,"date":"2025-12-09T12:44:47","date_gmt":"2025-12-09T11:44:47","guid":{"rendered":"https:\/\/eddy-collector.de\/woocommerce\/?post_type=product&#038;p=2560"},"modified":"2026-04-03T15:14:32","modified_gmt":"2026-04-03T13:14:32","slug":"fo-the-mouse-king","status":"publish","type":"product","link":"https:\/\/eddy-collector.de\/woocommerce\/produkt\/fo-the-mouse-king\/","title":{"rendered":"4H Figura Obscura Action-Figur The Mouse King (Exclusive)"},"content":{"rendered":"<p>Am 29. November 2025 brachten die Four Horsemen Studios mit &#8222;The Mouse King&#8220; erstmals eine Action-Figur basierend auf der Kurzgeschichte &#8222;Der Nussknacker&#8220; von Alexandre Dumas in der Serie &#8222;Figura Obscura&#8220; heraus. Dies hier ist die exklusive Erstauflage von &#8222;The Mouse King&#8220;. Die Figur ist circa 18 cm hoch und kommt mit 7 (!) K\u00f6pfen, die sowohl einzeln als auch zusammen der Figur aufgesetzt werden k\u00f6nnen. Enthalten sind ferner 2 Sets Austauschh\u00e4nde, ein Zepter, ein Schwert und weiteres Zubeh\u00f6r f\u00fcr verschiedene Pr\u00e4sentationen der Figur als M\u00e4usek\u00f6nig (m\u00f6glich mit 1 Kopf oder mit 7 K\u00f6pfen) oder als M\u00e4use- bzw. Rattenkrieger mit einem frei w\u00e4hlbaren der 7 K\u00f6pfe.<\/p>\n<p>Auf den Produktfotos ist ein finales Produkt abgebildet. Farbliche Abweichungen k\u00f6nnen bei der Fotografie entstehen, daher wirken die Farben der Figuren pers\u00f6nlich m\u00f6glicherweise etwas anders als in den Bildern zu sehen. Zum Verkauf steht ein Exemplare in unge\u00f6ffneter Originalverpackung.<\/p>\n","protected":false},"excerpt":{"rendered":"<p>Am 29. November 2025 brachten die Four Horsemen Studios mit &#8222;The Mouse King&#8220; erstmals eine Action-Figur basierend auf der Kurzgeschichte &#8222;Der Nussknacker&#8220; von Alexandre Dumas in der Serie &#8222;Figura Obscura&#8220; heraus. Dies hier ist die exklusive Erstauflage von &#8222;The Mouse King&#8220;. Die Figur ist circa 18 cm hoch und kommt mit 7 (!) K\u00f6pfen, die [&hellip;]<\/p>\n","protected":false},"featured_media":2585,"template":"","meta":{"jetpack_publicize_message":"","jetpack_publicize_feature_enabled":true,"jetpack_social_post_already_shared":true,"jetpack_social_options":{"image_generator_settings":{"template":"highway","default_image_id":0,"font":"","enabled":false},"version":2}},"product_brand":[],"product_cat":[245,172],"product_tag":[156,249,69,517,522,68,519,518,516,86,74,75,523,515,250,524,520,521,525],"class_list":{"0":"post-2560","1":"product","2":"type-product","3":"status-publish","4":"has-post-thumbnail","6":"product_cat-figura-obscura","7":"product_cat-four-horsemen-studios","8":"product_tag-exclusive","9":"product_tag-figura","10":"product_tag-four-horsemen","11":"product_tag-king","12":"product_tag-koenig","13":"product_tag-legions","14":"product_tag-maus","15":"product_tag-maeusekoenig","16":"product_tag-mouse","17":"product_tag-mystic","18":"product_tag-mythic","19":"product_tag-mythoss","20":"product_tag-nussknacker","21":"product_tag-nutcracker","22":"product_tag-obscura","23":"product_tag-rat","24":"product_tag-ratte","25":"product_tag-rattenkoenig","26":"product_tag-skaven","28":"first","29":"instock","30":"shipping-taxable","31":"purchasable","32":"product-type-simple"},"jetpack_publicize_connections":[],"jetpack-related-posts":[],"jetpack_sharing_enabled":true,"_links":{"self":[{"href":"https:\/\/eddy-collector.de\/woocommerce\/wp-json\/wp\/v2\/product\/2560","targetHints":{"allow":["GET"]}}],"collection":[{"href":"https:\/\/eddy-collector.de\/woocommerce\/wp-json\/wp\/v2\/product"}],"about":[{"href":"https:\/\/eddy-collector.de\/woocommerce\/wp-json\/wp\/v2\/types\/product"}],"wp:featuredmedia":[{"embeddable":true,"href":"https:\/\/eddy-collector.de\/woocommerce\/wp-json\/wp\/v2\/media\/2585"}],"wp:attachment":[{"href":"https:\/\/eddy-collector.de\/woocommerce\/wp-json\/wp\/v2\/media?parent=2560"}],"wp:term":[{"taxonomy":"product_brand","embeddable":true,"href":"https:\/\/eddy-collector.de\/woocommerce\/wp-json\/wp\/v2\/product_brand?post=2560"},{"taxonomy":"product_cat","embeddable":true,"href":"https:\/\/eddy-collector.de\/woocommerce\/wp-json\/wp\/v2\/product_cat?post=2560"},{"taxonomy":"product_tag","embeddable":true,"href":"https:\/\/eddy-collector.de\/woocommerce\/wp-json\/wp\/v2\/product_tag?post=2560"}],"curies":[{"name":"wp","href":"https:\/\/api.w.org\/{rel}","templated":true}]}}