{"id":518,"date":"2022-11-15T14:12:58","date_gmt":"2022-11-15T13:12:58","guid":{"rendered":"http:\/\/eddy-collector.de\/woocommerce\/?page_id=518"},"modified":"2024-10-07T21:15:20","modified_gmt":"2024-10-07T19:15:20","slug":"impressum","status":"publish","type":"page","link":"https:\/\/eddy-collector.de\/woocommerce\/impressum\/","title":{"rendered":"Impressum"},"content":{"rendered":"\n<p>Gesetzliche Anbieterkennung:<\/p>\n\n\n\n<p>Jonas Felix Hein<br>Jonas Felix Hein<br>August-Bebel-Str. 59<br>15344 Strausberg<br>Deutschland<br>Telefon: +4915120196679<br>E-Mail: info@eddy-collector.de<br>WhatsApp: 0151\/20196679<\/p>\n\n\n\n<p>Aufgrund des Kleinunternehmerstatus wird gem\u00e4\u00df \u00a7 19 UStG die MwSt. in der Rechnung nicht ausgewiesen.<\/p>\n\n\n\n<p>Alternative Streitbeilegung:<br>Die Europ\u00e4ische Kommission stellt eine Plattform f\u00fcr die au\u00dfergerichtliche Online-Streitbeilegung (OS-Plattform) bereit, aufrufbar unter https:\/\/ec.europa.eu\/odr (https:\/\/ec.europa.eu\/consumers\/odr).<\/p>\n\n\n\n<p>Wir sind nicht bereit und nicht verpflichtet, an Streitbeilegungsverfahren vor Verbraucherschlichtungsstellen teilzunehmen.<\/p>\n","protected":false},"excerpt":{"rendered":"<p>Gesetzliche Anbieterkennung: Jonas Felix HeinJonas Felix HeinAugust-Bebel-Str. 5915344 StrausbergDeutschlandTelefon: +4915120196679E-Mail: info@eddy-collector.deWhatsApp: 0151\/20196679 Aufgrund des Kleinunternehmerstatus wird gem\u00e4\u00df \u00a7 19 UStG die MwSt. in der Rechnung nicht ausgewiesen. Alternative Streitbeilegung:Die Europ\u00e4ische Kommission stellt eine Plattform f\u00fcr die au\u00dfergerichtliche Online-Streitbeilegung (OS-Plattform) bereit, aufrufbar unter https:\/\/ec.europa.eu\/odr (https:\/\/ec.europa.eu\/consumers\/odr). Wir sind nicht bereit und nicht verpflichtet, an Streitbeilegungsverfahren vor Verbraucherschlichtungsstellen [&hellip;]<\/p>\n","protected":false},"author":1,"featured_media":0,"parent":0,"menu_order":0,"comment_status":"closed","ping_status":"closed","template":"","meta":{"footnotes":""},"class_list":["post-518","page","type-page","status-publish","hentry"],"blocksy_meta":{"styles_descriptor":{"styles":{"desktop":"","tablet":"","mobile":""},"google_fonts":[],"version":6}},"jetpack-related-posts":[],"jetpack_sharing_enabled":true,"_links":{"self":[{"href":"https:\/\/eddy-collector.de\/woocommerce\/wp-json\/wp\/v2\/pages\/518","targetHints":{"allow":["GET"]}}],"collection":[{"href":"https:\/\/eddy-collector.de\/woocommerce\/wp-json\/wp\/v2\/pages"}],"about":[{"href":"https:\/\/eddy-collector.de\/woocommerce\/wp-json\/wp\/v2\/types\/page"}],"author":[{"embeddable":true,"href":"https:\/\/eddy-collector.de\/woocommerce\/wp-json\/wp\/v2\/users\/1"}],"replies":[{"embeddable":true,"href":"https:\/\/eddy-collector.de\/woocommerce\/wp-json\/wp\/v2\/comments?post=518"}],"version-history":[{"count":5,"href":"https:\/\/eddy-collector.de\/woocommerce\/wp-json\/wp\/v2\/pages\/518\/revisions"}],"predecessor-version":[{"id":2147,"href":"https:\/\/eddy-collector.de\/woocommerce\/wp-json\/wp\/v2\/pages\/518\/revisions\/2147"}],"wp:attachment":[{"href":"https:\/\/eddy-collector.de\/woocommerce\/wp-json\/wp\/v2\/media?parent=518"}],"curies":[{"name":"wp","href":"https:\/\/api.w.org\/{rel}","templated":true}]}}